{"id":10499,"date":"2023-02-15T15:40:14","date_gmt":"2023-02-15T14:40:14","guid":{"rendered":"https:\/\/thebritishcollege.com\/?page_id=10499"},"modified":"2026-03-05T11:08:05","modified_gmt":"2026-03-05T10:08:05","slug":"inicio","status":"publish","type":"page","link":"https:\/\/thebritishcollege.com\/es\/","title":{"rendered":"Inicio"},"content":{"rendered":"","protected":false},"excerpt":{"rendered":"","protected":false},"author":1,"featured_media":0,"parent":0,"menu_order":0,"comment_status":"closed","ping_status":"closed","template":"","meta":{"_seopress_robots_primary_cat":"","_seopress_titles_title":"The British College of Benalm\u00e1dena","_seopress_titles_desc":"The British College of Benalm\u00e1dena: Inspirando a los l\u00edderes del ma\u00f1ana.  Somos The British College y nuestros alumnos construyen el futuro.","_seopress_robots_index":"","footnotes":""},"class_list":["post-10499","page","type-page","status-publish","hentry"],"_links":{"self":[{"href":"https:\/\/thebritishcollege.com\/es\/wp-json\/wp\/v2\/pages\/10499","targetHints":{"allow":["GET"]}}],"collection":[{"href":"https:\/\/thebritishcollege.com\/es\/wp-json\/wp\/v2\/pages"}],"about":[{"href":"https:\/\/thebritishcollege.com\/es\/wp-json\/wp\/v2\/types\/page"}],"author":[{"embeddable":true,"href":"https:\/\/thebritishcollege.com\/es\/wp-json\/wp\/v2\/users\/1"}],"replies":[{"embeddable":true,"href":"https:\/\/thebritishcollege.com\/es\/wp-json\/wp\/v2\/comments?post=10499"}],"version-history":[{"count":5,"href":"https:\/\/thebritishcollege.com\/es\/wp-json\/wp\/v2\/pages\/10499\/revisions"}],"predecessor-version":[{"id":20409,"href":"https:\/\/thebritishcollege.com\/es\/wp-json\/wp\/v2\/pages\/10499\/revisions\/20409"}],"wp:attachment":[{"href":"https:\/\/thebritishcollege.com\/es\/wp-json\/wp\/v2\/media?parent=10499"}],"curies":[{"name":"wp","href":"https:\/\/api.w.org\/{rel}","templated":true}]}}