{"id":10516,"date":"2023-02-15T16:49:37","date_gmt":"2023-02-15T15:49:37","guid":{"rendered":"https:\/\/thebritishcollege.com\/?page_id=10516"},"modified":"2024-03-30T18:05:13","modified_gmt":"2024-03-30T17:05:13","slug":"nuestro-colegio","status":"publish","type":"page","link":"https:\/\/thebritishcollege.com\/es\/nuestro-colegio\/","title":{"rendered":"Acerca de nosotros"},"content":{"rendered":"","protected":false},"excerpt":{"rendered":"","protected":false},"author":1,"featured_media":0,"parent":0,"menu_order":0,"comment_status":"closed","ping_status":"closed","template":"","meta":{"_seopress_robots_primary_cat":"","_seopress_titles_title":"The British College of Benalm\u00e1dena: Excelencia acad\u00e9mica para tu hijo","_seopress_titles_desc":"The British College of Benalm\u00e1dena. Sus instalaciones, su ubicaci\u00f3n y enfoque en la excelencia acad\u00e9mica garantizan un entorno de aprendizaje estimulante. \u00a1Contacta con nosotros hoy mismo!","_seopress_robots_index":"","footnotes":""},"class_list":["post-10516","page","type-page","status-publish","hentry"],"_links":{"self":[{"href":"https:\/\/thebritishcollege.com\/es\/wp-json\/wp\/v2\/pages\/10516","targetHints":{"allow":["GET"]}}],"collection":[{"href":"https:\/\/thebritishcollege.com\/es\/wp-json\/wp\/v2\/pages"}],"about":[{"href":"https:\/\/thebritishcollege.com\/es\/wp-json\/wp\/v2\/types\/page"}],"author":[{"embeddable":true,"href":"https:\/\/thebritishcollege.com\/es\/wp-json\/wp\/v2\/users\/1"}],"replies":[{"embeddable":true,"href":"https:\/\/thebritishcollege.com\/es\/wp-json\/wp\/v2\/comments?post=10516"}],"version-history":[{"count":5,"href":"https:\/\/thebritishcollege.com\/es\/wp-json\/wp\/v2\/pages\/10516\/revisions"}],"predecessor-version":[{"id":18280,"href":"https:\/\/thebritishcollege.com\/es\/wp-json\/wp\/v2\/pages\/10516\/revisions\/18280"}],"wp:attachment":[{"href":"https:\/\/thebritishcollege.com\/es\/wp-json\/wp\/v2\/media?parent=10516"}],"curies":[{"name":"wp","href":"https:\/\/api.w.org\/{rel}","templated":true}]}}