{"id":10744,"date":"2023-03-22T14:07:56","date_gmt":"2023-03-22T13:07:56","guid":{"rendered":"https:\/\/thebritishcollege.com\/?page_id=10744"},"modified":"2024-03-30T18:26:44","modified_gmt":"2024-03-30T17:26:44","slug":"filosofia-y-objetivos","status":"publish","type":"page","link":"https:\/\/thebritishcollege.com\/es\/filosofia-y-objetivos\/","title":{"rendered":"Filosof\u00eda y Objetivos"},"content":{"rendered":"","protected":false},"excerpt":{"rendered":"","protected":false},"author":1,"featured_media":0,"parent":0,"menu_order":0,"comment_status":"closed","ping_status":"closed","template":"","meta":{"_seopress_robots_primary_cat":"","_seopress_titles_title":"Nuestra filosof\u00eda educativa | The British College of Benalm\u00e1dena","_seopress_titles_desc":"El enfoque educativo \u00fanico de The British College, centrado en el desarrollo integral del ni\u00f1o, el fomento del amor por el aprendizaje y el logro de la excelencia acad\u00e9mica.","_seopress_robots_index":"","footnotes":""},"class_list":["post-10744","page","type-page","status-publish","hentry"],"_links":{"self":[{"href":"https:\/\/thebritishcollege.com\/es\/wp-json\/wp\/v2\/pages\/10744","targetHints":{"allow":["GET"]}}],"collection":[{"href":"https:\/\/thebritishcollege.com\/es\/wp-json\/wp\/v2\/pages"}],"about":[{"href":"https:\/\/thebritishcollege.com\/es\/wp-json\/wp\/v2\/types\/page"}],"author":[{"embeddable":true,"href":"https:\/\/thebritishcollege.com\/es\/wp-json\/wp\/v2\/users\/1"}],"replies":[{"embeddable":true,"href":"https:\/\/thebritishcollege.com\/es\/wp-json\/wp\/v2\/comments?post=10744"}],"version-history":[{"count":5,"href":"https:\/\/thebritishcollege.com\/es\/wp-json\/wp\/v2\/pages\/10744\/revisions"}],"predecessor-version":[{"id":18289,"href":"https:\/\/thebritishcollege.com\/es\/wp-json\/wp\/v2\/pages\/10744\/revisions\/18289"}],"wp:attachment":[{"href":"https:\/\/thebritishcollege.com\/es\/wp-json\/wp\/v2\/media?parent=10744"}],"curies":[{"name":"wp","href":"https:\/\/api.w.org\/{rel}","templated":true}]}}