{"id":10748,"date":"2023-03-22T14:26:36","date_gmt":"2023-03-22T13:26:36","guid":{"rendered":"https:\/\/thebritishcollege.com\/?page_id=10748"},"modified":"2025-03-05T14:22:45","modified_gmt":"2025-03-05T13:22:45","slug":"normas-de-conducta","status":"publish","type":"page","link":"https:\/\/thebritishcollege.com\/es\/normas-de-conducta\/","title":{"rendered":"Normas de Conducta"},"content":{"rendered":"","protected":false},"excerpt":{"rendered":"","protected":false},"author":1,"featured_media":0,"parent":0,"menu_order":0,"comment_status":"closed","ping_status":"closed","template":"","meta":{"_seopress_robots_primary_cat":"","_seopress_titles_title":"Normas del colegio | The British College of Benalm\u00e1dena","_seopress_titles_desc":"Reglas para un aprendizaje positivo y seguro en The British College of Benalm\u00e1dena. Respeto, responsabilidad y colaboraci\u00f3n para un ambiente escolar ideal.","_seopress_robots_index":"","footnotes":""},"class_list":["post-10748","page","type-page","status-publish","hentry"],"_links":{"self":[{"href":"https:\/\/thebritishcollege.com\/es\/wp-json\/wp\/v2\/pages\/10748","targetHints":{"allow":["GET"]}}],"collection":[{"href":"https:\/\/thebritishcollege.com\/es\/wp-json\/wp\/v2\/pages"}],"about":[{"href":"https:\/\/thebritishcollege.com\/es\/wp-json\/wp\/v2\/types\/page"}],"author":[{"embeddable":true,"href":"https:\/\/thebritishcollege.com\/es\/wp-json\/wp\/v2\/users\/1"}],"replies":[{"embeddable":true,"href":"https:\/\/thebritishcollege.com\/es\/wp-json\/wp\/v2\/comments?post=10748"}],"version-history":[{"count":5,"href":"https:\/\/thebritishcollege.com\/es\/wp-json\/wp\/v2\/pages\/10748\/revisions"}],"predecessor-version":[{"id":19354,"href":"https:\/\/thebritishcollege.com\/es\/wp-json\/wp\/v2\/pages\/10748\/revisions\/19354"}],"wp:attachment":[{"href":"https:\/\/thebritishcollege.com\/es\/wp-json\/wp\/v2\/media?parent=10748"}],"curies":[{"name":"wp","href":"https:\/\/api.w.org\/{rel}","templated":true}]}}