{"id":10761,"date":"2023-03-22T15:14:39","date_gmt":"2023-03-22T14:14:39","guid":{"rendered":"https:\/\/thebritishcollege.com\/?page_id=10761"},"modified":"2024-03-30T20:12:32","modified_gmt":"2024-03-30T19:12:32","slug":"visita-virtual-3d","status":"publish","type":"page","link":"https:\/\/thebritishcollege.com\/es\/visita-virtual-3d\/","title":{"rendered":"Visita Virtual 3D"},"content":{"rendered":"<h2>Visita Virtual The British College of Benalm\u00e1dena<\/h2>\r\n<p>Explora nuestro campus desde la comodidad de tu casa. Descubre las aulas, instalaciones y zonas comunes a trav\u00e9s de una visita virtual interactiva. Vive The British College of Benalm\u00e1dena como si estuvieras all\u00ed.<\/p>\r\n<p>&nbsp;<\/p>\r\n\r\n<p><iframe loading=\"lazy\" src=\"https:\/\/guruvr.tech\/tour\/the-british-college\" width=\"100%\" height=\"800\" frameborder=\"0\" allowfullscreen=\"allowfullscreen\"><\/iframe><\/p>\r\n","protected":false},"excerpt":{"rendered":"<p>Visita Virtual The British College of Benalm\u00e1dena Explora nuestro campus desde la comodidad de tu casa. Descubre las aulas, instalaciones y zonas comunes a trav\u00e9s de una visita virtual interactiva. Vive The British College of Benalm\u00e1dena como si estuvieras all\u00ed. &nbsp;<\/p>\n","protected":false},"author":1,"featured_media":0,"parent":0,"menu_order":0,"comment_status":"closed","ping_status":"closed","template":"","meta":{"_seopress_robots_primary_cat":"","_seopress_titles_title":"Visita Virtual | The British College of Benalm\u00e1dena","_seopress_titles_desc":"Explora nuestro campus. Descubre las aulas, instalaciones y zonas comunes a trav\u00e9s de una visita virtual interactiva. Vive The British College of Benalm\u00e1dena.","_seopress_robots_index":"","footnotes":""},"class_list":["post-10761","page","type-page","status-publish","hentry"],"_links":{"self":[{"href":"https:\/\/thebritishcollege.com\/es\/wp-json\/wp\/v2\/pages\/10761","targetHints":{"allow":["GET"]}}],"collection":[{"href":"https:\/\/thebritishcollege.com\/es\/wp-json\/wp\/v2\/pages"}],"about":[{"href":"https:\/\/thebritishcollege.com\/es\/wp-json\/wp\/v2\/types\/page"}],"author":[{"embeddable":true,"href":"https:\/\/thebritishcollege.com\/es\/wp-json\/wp\/v2\/users\/1"}],"replies":[{"embeddable":true,"href":"https:\/\/thebritishcollege.com\/es\/wp-json\/wp\/v2\/comments?post=10761"}],"version-history":[{"count":5,"href":"https:\/\/thebritishcollege.com\/es\/wp-json\/wp\/v2\/pages\/10761\/revisions"}],"predecessor-version":[{"id":18330,"href":"https:\/\/thebritishcollege.com\/es\/wp-json\/wp\/v2\/pages\/10761\/revisions\/18330"}],"wp:attachment":[{"href":"https:\/\/thebritishcollege.com\/es\/wp-json\/wp\/v2\/media?parent=10761"}],"curies":[{"name":"wp","href":"https:\/\/api.w.org\/{rel}","templated":true}]}}