{"id":10769,"date":"2023-03-22T15:22:30","date_gmt":"2023-03-22T14:22:30","guid":{"rendered":"https:\/\/thebritishcollege.com\/?page_id=10769"},"modified":"2024-03-30T20:45:56","modified_gmt":"2024-03-30T19:45:56","slug":"video-de-nuestro-colegio","status":"publish","type":"page","link":"https:\/\/thebritishcollege.com\/es\/video-de-nuestro-colegio\/","title":{"rendered":"Video de nuestro colegio"},"content":{"rendered":"","protected":false},"excerpt":{"rendered":"","protected":false},"author":1,"featured_media":0,"parent":0,"menu_order":0,"comment_status":"closed","ping_status":"closed","template":"","meta":{"_seopress_robots_primary_cat":"","_seopress_titles_title":"Video del Colegio | The British College of Benalm\u00e1dena","_seopress_titles_desc":"Descubre nuestro colegio a trav\u00e9s de este emotivo video. Recorre nuestras instalaciones y siente la vibrante energ\u00eda de nuestra comunidad.","_seopress_robots_index":"","footnotes":""},"class_list":["post-10769","page","type-page","status-publish","hentry"],"_links":{"self":[{"href":"https:\/\/thebritishcollege.com\/es\/wp-json\/wp\/v2\/pages\/10769","targetHints":{"allow":["GET"]}}],"collection":[{"href":"https:\/\/thebritishcollege.com\/es\/wp-json\/wp\/v2\/pages"}],"about":[{"href":"https:\/\/thebritishcollege.com\/es\/wp-json\/wp\/v2\/types\/page"}],"author":[{"embeddable":true,"href":"https:\/\/thebritishcollege.com\/es\/wp-json\/wp\/v2\/users\/1"}],"replies":[{"embeddable":true,"href":"https:\/\/thebritishcollege.com\/es\/wp-json\/wp\/v2\/comments?post=10769"}],"version-history":[{"count":5,"href":"https:\/\/thebritishcollege.com\/es\/wp-json\/wp\/v2\/pages\/10769\/revisions"}],"predecessor-version":[{"id":18342,"href":"https:\/\/thebritishcollege.com\/es\/wp-json\/wp\/v2\/pages\/10769\/revisions\/18342"}],"wp:attachment":[{"href":"https:\/\/thebritishcollege.com\/es\/wp-json\/wp\/v2\/media?parent=10769"}],"curies":[{"name":"wp","href":"https:\/\/api.w.org\/{rel}","templated":true}]}}