{"id":10784,"date":"2023-03-22T15:42:13","date_gmt":"2023-03-22T14:42:13","guid":{"rendered":"https:\/\/thebritishcollege.com\/?page_id=10784"},"modified":"2026-04-06T15:56:17","modified_gmt":"2026-04-06T13:56:17","slug":"educacion-infantil","status":"publish","type":"page","link":"https:\/\/thebritishcollege.com\/es\/educacion-infantil\/","title":{"rendered":"Educaci\u00f3n Infantil"},"content":{"rendered":"","protected":false},"excerpt":{"rendered":"","protected":false},"author":1,"featured_media":0,"parent":0,"menu_order":0,"comment_status":"closed","ping_status":"closed","template":"","meta":{"_seopress_robots_primary_cat":"","_seopress_titles_title":"Educaci\u00f3n Infantil - The British College of Benalm\u00e1dena","_seopress_titles_desc":"Educaci\u00f3n Infantil. Colegio Brit\u00e1nico Infantil: Educaci\u00f3n en ingl\u00e9s desde 1 a\u00f1o. Entorno seguro, estimulante y creativo.\u00a1Inf\u00f3rmate!","_seopress_robots_index":"","footnotes":""},"class_list":["post-10784","page","type-page","status-publish","hentry"],"_links":{"self":[{"href":"https:\/\/thebritishcollege.com\/es\/wp-json\/wp\/v2\/pages\/10784","targetHints":{"allow":["GET"]}}],"collection":[{"href":"https:\/\/thebritishcollege.com\/es\/wp-json\/wp\/v2\/pages"}],"about":[{"href":"https:\/\/thebritishcollege.com\/es\/wp-json\/wp\/v2\/types\/page"}],"author":[{"embeddable":true,"href":"https:\/\/thebritishcollege.com\/es\/wp-json\/wp\/v2\/users\/1"}],"replies":[{"embeddable":true,"href":"https:\/\/thebritishcollege.com\/es\/wp-json\/wp\/v2\/comments?post=10784"}],"version-history":[{"count":5,"href":"https:\/\/thebritishcollege.com\/es\/wp-json\/wp\/v2\/pages\/10784\/revisions"}],"predecessor-version":[{"id":20615,"href":"https:\/\/thebritishcollege.com\/es\/wp-json\/wp\/v2\/pages\/10784\/revisions\/20615"}],"wp:attachment":[{"href":"https:\/\/thebritishcollege.com\/es\/wp-json\/wp\/v2\/media?parent=10784"}],"curies":[{"name":"wp","href":"https:\/\/api.w.org\/{rel}","templated":true}]}}