{"id":10798,"date":"2023-03-22T16:21:21","date_gmt":"2023-03-22T15:21:21","guid":{"rendered":"https:\/\/thebritishcollege.com\/?page_id=10798"},"modified":"2024-03-31T18:52:28","modified_gmt":"2024-03-31T17:52:28","slug":"educacion-primaria","status":"publish","type":"page","link":"https:\/\/thebritishcollege.com\/es\/educacion-primaria\/","title":{"rendered":"Educaci\u00f3n Primaria"},"content":{"rendered":"","protected":false},"excerpt":{"rendered":"","protected":false},"author":1,"featured_media":0,"parent":0,"menu_order":0,"comment_status":"closed","ping_status":"closed","template":"","meta":{"_seopress_robots_primary_cat":"","_seopress_titles_title":"Educaci\u00f3n Primaria - The British College of Benalm\u00e1dena","_seopress_titles_desc":"Colegio Brit\u00e1nico: Preparamos a tu hijo para el futuro. Educaci\u00f3n Primaria de calidad con enfoque integral.\u00a1Conoce m\u00e1s!","_seopress_robots_index":"","footnotes":""},"class_list":["post-10798","page","type-page","status-publish","hentry"],"_links":{"self":[{"href":"https:\/\/thebritishcollege.com\/es\/wp-json\/wp\/v2\/pages\/10798","targetHints":{"allow":["GET"]}}],"collection":[{"href":"https:\/\/thebritishcollege.com\/es\/wp-json\/wp\/v2\/pages"}],"about":[{"href":"https:\/\/thebritishcollege.com\/es\/wp-json\/wp\/v2\/types\/page"}],"author":[{"embeddable":true,"href":"https:\/\/thebritishcollege.com\/es\/wp-json\/wp\/v2\/users\/1"}],"replies":[{"embeddable":true,"href":"https:\/\/thebritishcollege.com\/es\/wp-json\/wp\/v2\/comments?post=10798"}],"version-history":[{"count":5,"href":"https:\/\/thebritishcollege.com\/es\/wp-json\/wp\/v2\/pages\/10798\/revisions"}],"predecessor-version":[{"id":18388,"href":"https:\/\/thebritishcollege.com\/es\/wp-json\/wp\/v2\/pages\/10798\/revisions\/18388"}],"wp:attachment":[{"href":"https:\/\/thebritishcollege.com\/es\/wp-json\/wp\/v2\/media?parent=10798"}],"curies":[{"name":"wp","href":"https:\/\/api.w.org\/{rel}","templated":true}]}}