{"id":10807,"date":"2023-03-22T16:32:46","date_gmt":"2023-03-22T15:32:46","guid":{"rendered":"https:\/\/thebritishcollege.com\/?page_id=10807"},"modified":"2026-03-11T16:59:15","modified_gmt":"2026-03-11T15:59:15","slug":"educacion-secundaria","status":"publish","type":"page","link":"https:\/\/thebritishcollege.com\/es\/educacion-secundaria\/","title":{"rendered":"Educaci\u00f3n Secundaria"},"content":{"rendered":"","protected":false},"excerpt":{"rendered":"","protected":false},"author":1,"featured_media":0,"parent":0,"menu_order":0,"comment_status":"closed","ping_status":"closed","template":"","meta":{"_seopress_robots_primary_cat":"","_seopress_titles_title":"Educaci\u00f3n Secundaria - The British College of Benalm\u00e1dena","_seopress_titles_desc":"The British College ofrece una educaci\u00f3n secundaria completa con IGCSEs. Preparamos a los estudiantes para el \u00e9xito universitario y para su futuro profesional.","_seopress_robots_index":"","footnotes":""},"class_list":["post-10807","page","type-page","status-publish","hentry"],"_links":{"self":[{"href":"https:\/\/thebritishcollege.com\/es\/wp-json\/wp\/v2\/pages\/10807","targetHints":{"allow":["GET"]}}],"collection":[{"href":"https:\/\/thebritishcollege.com\/es\/wp-json\/wp\/v2\/pages"}],"about":[{"href":"https:\/\/thebritishcollege.com\/es\/wp-json\/wp\/v2\/types\/page"}],"author":[{"embeddable":true,"href":"https:\/\/thebritishcollege.com\/es\/wp-json\/wp\/v2\/users\/1"}],"replies":[{"embeddable":true,"href":"https:\/\/thebritishcollege.com\/es\/wp-json\/wp\/v2\/comments?post=10807"}],"version-history":[{"count":5,"href":"https:\/\/thebritishcollege.com\/es\/wp-json\/wp\/v2\/pages\/10807\/revisions"}],"predecessor-version":[{"id":20438,"href":"https:\/\/thebritishcollege.com\/es\/wp-json\/wp\/v2\/pages\/10807\/revisions\/20438"}],"wp:attachment":[{"href":"https:\/\/thebritishcollege.com\/es\/wp-json\/wp\/v2\/media?parent=10807"}],"curies":[{"name":"wp","href":"https:\/\/api.w.org\/{rel}","templated":true}]}}