{"id":10817,"date":"2023-03-23T09:54:18","date_gmt":"2023-03-23T08:54:18","guid":{"rendered":"https:\/\/thebritishcollege.com\/?page_id=10817"},"modified":"2026-03-13T17:06:27","modified_gmt":"2026-03-13T16:06:27","slug":"as-a-level","status":"publish","type":"page","link":"https:\/\/thebritishcollege.com\/es\/as-a-level\/","title":{"rendered":"AS\/A \u201cLevel\u201d"},"content":{"rendered":"","protected":false},"excerpt":{"rendered":"","protected":false},"author":1,"featured_media":0,"parent":0,"menu_order":0,"comment_status":"closed","ping_status":"closed","template":"","meta":{"_seopress_robots_primary_cat":"","_seopress_titles_title":"A-Levels en M\u00e1laga - The British College of Benalm\u00e1dena","_seopress_titles_desc":"Prep\u00e1rate para la universidad con nuestros A-Levels en M\u00e1laga. Amplia variedad de materias y apoyo personalizado. Inf\u00f3rmate ahora.","_seopress_robots_index":"","footnotes":""},"class_list":["post-10817","page","type-page","status-publish","hentry"],"_links":{"self":[{"href":"https:\/\/thebritishcollege.com\/es\/wp-json\/wp\/v2\/pages\/10817","targetHints":{"allow":["GET"]}}],"collection":[{"href":"https:\/\/thebritishcollege.com\/es\/wp-json\/wp\/v2\/pages"}],"about":[{"href":"https:\/\/thebritishcollege.com\/es\/wp-json\/wp\/v2\/types\/page"}],"author":[{"embeddable":true,"href":"https:\/\/thebritishcollege.com\/es\/wp-json\/wp\/v2\/users\/1"}],"replies":[{"embeddable":true,"href":"https:\/\/thebritishcollege.com\/es\/wp-json\/wp\/v2\/comments?post=10817"}],"version-history":[{"count":5,"href":"https:\/\/thebritishcollege.com\/es\/wp-json\/wp\/v2\/pages\/10817\/revisions"}],"predecessor-version":[{"id":20442,"href":"https:\/\/thebritishcollege.com\/es\/wp-json\/wp\/v2\/pages\/10817\/revisions\/20442"}],"wp:attachment":[{"href":"https:\/\/thebritishcollege.com\/es\/wp-json\/wp\/v2\/media?parent=10817"}],"curies":[{"name":"wp","href":"https:\/\/api.w.org\/{rel}","templated":true}]}}