{"id":10847,"date":"2023-03-23T14:37:23","date_gmt":"2023-03-23T13:37:23","guid":{"rendered":"https:\/\/thebritishcollege.com\/?page_id=10847"},"modified":"2026-04-08T10:55:06","modified_gmt":"2026-04-08T08:55:06","slug":"curso-de-verano-y-clases-de-apoyo","status":"publish","type":"page","link":"https:\/\/thebritishcollege.com\/es\/curso-de-verano-y-clases-de-apoyo\/","title":{"rendered":"Curso de Verano y Clases de Apoyo"},"content":{"rendered":"","protected":false},"excerpt":{"rendered":"","protected":false},"author":1,"featured_media":0,"parent":0,"menu_order":0,"comment_status":"closed","ping_status":"closed","template":"","meta":{"_seopress_robots_primary_cat":"","_seopress_titles_title":"Curso de Verano y Clases de Apoyo - The British College","_seopress_titles_desc":"\u00a1Disfruta del verano m\u00e1s divertido y educativo en The British College! Curso de verano para todas las edades. Ingl\u00e9s, deportes, arte, m\u00fasica, nataci\u00f3n y mucho m\u00e1s.","_seopress_robots_index":"","footnotes":""},"class_list":["post-10847","page","type-page","status-publish","hentry"],"_links":{"self":[{"href":"https:\/\/thebritishcollege.com\/es\/wp-json\/wp\/v2\/pages\/10847","targetHints":{"allow":["GET"]}}],"collection":[{"href":"https:\/\/thebritishcollege.com\/es\/wp-json\/wp\/v2\/pages"}],"about":[{"href":"https:\/\/thebritishcollege.com\/es\/wp-json\/wp\/v2\/types\/page"}],"author":[{"embeddable":true,"href":"https:\/\/thebritishcollege.com\/es\/wp-json\/wp\/v2\/users\/1"}],"replies":[{"embeddable":true,"href":"https:\/\/thebritishcollege.com\/es\/wp-json\/wp\/v2\/comments?post=10847"}],"version-history":[{"count":5,"href":"https:\/\/thebritishcollege.com\/es\/wp-json\/wp\/v2\/pages\/10847\/revisions"}],"predecessor-version":[{"id":20622,"href":"https:\/\/thebritishcollege.com\/es\/wp-json\/wp\/v2\/pages\/10847\/revisions\/20622"}],"wp:attachment":[{"href":"https:\/\/thebritishcollege.com\/es\/wp-json\/wp\/v2\/media?parent=10847"}],"curies":[{"name":"wp","href":"https:\/\/api.w.org\/{rel}","templated":true}]}}