{"id":18359,"date":"2024-03-30T22:19:45","date_gmt":"2024-03-30T21:19:45","guid":{"rendered":"https:\/\/thebritishcollege.com\/solicitud-de-informacion-escolar\/"},"modified":"2024-06-13T16:53:38","modified_gmt":"2024-06-13T14:53:38","slug":"solicitud-de-informacion-escolar","status":"publish","type":"page","link":"https:\/\/thebritishcollege.com\/es\/solicitud-de-informacion-escolar\/","title":{"rendered":"Solicitud de informaci\u00f3n escolar"},"content":{"rendered":"","protected":false},"excerpt":{"rendered":"","protected":false},"author":1,"featured_media":0,"parent":0,"menu_order":0,"comment_status":"closed","ping_status":"closed","template":"","meta":{"_seopress_robots_primary_cat":"","_seopress_titles_title":"El Colegio Brit\u00e1nico: Abriendo puertas a un futuro mejor","_seopress_titles_desc":"Matricule a su hijo en The British College of Benalm\u00e1dena y gu\u00edelo hacia un futuro brillante. Le guiaremos a trav\u00e9s del proceso de admisi\u00f3n.","_seopress_robots_index":"","footnotes":""},"class_list":["post-18359","page","type-page","status-publish","hentry"],"_links":{"self":[{"href":"https:\/\/thebritishcollege.com\/es\/wp-json\/wp\/v2\/pages\/18359","targetHints":{"allow":["GET"]}}],"collection":[{"href":"https:\/\/thebritishcollege.com\/es\/wp-json\/wp\/v2\/pages"}],"about":[{"href":"https:\/\/thebritishcollege.com\/es\/wp-json\/wp\/v2\/types\/page"}],"author":[{"embeddable":true,"href":"https:\/\/thebritishcollege.com\/es\/wp-json\/wp\/v2\/users\/1"}],"replies":[{"embeddable":true,"href":"https:\/\/thebritishcollege.com\/es\/wp-json\/wp\/v2\/comments?post=18359"}],"version-history":[{"count":2,"href":"https:\/\/thebritishcollege.com\/es\/wp-json\/wp\/v2\/pages\/18359\/revisions"}],"predecessor-version":[{"id":18706,"href":"https:\/\/thebritishcollege.com\/es\/wp-json\/wp\/v2\/pages\/18359\/revisions\/18706"}],"wp:attachment":[{"href":"https:\/\/thebritishcollege.com\/es\/wp-json\/wp\/v2\/media?parent=18359"}],"curies":[{"name":"wp","href":"https:\/\/api.w.org\/{rel}","templated":true}]}}